{"id":6,"date":"2015-12-13T13:33:24","date_gmt":"2015-12-13T13:33:24","guid":{"rendered":"http:\/\/esenciahumanafilms.com\/esencia\/?page_id=6"},"modified":"2019-07-22T21:54:14","modified_gmt":"2019-07-22T21:54:14","slug":"documentales","status":"publish","type":"page","link":"http:\/\/esenciahumanafilms.com\/?page_id=6","title":{"rendered":"Documentales"},"content":{"rendered":"<p><strong>En alas del Intento.<\/strong><br \/>\n50 a\u00f1os. Silo. La Curaci\u00f3n del Sufrimiento.<br \/>\nDocumental. 26 minutos. Subtitulos espa\u00f1ol, ingles, alem\u00e1n, hebreo.<br \/>\nEl 4 de mayo de 1969 en Punta de Vacas, Argentina, Silo comenz\u00f3 su proyecto de humanizaci\u00f3n del mundo e inspir\u00f3 a miles de personas de distintas culturas en todo el mundo. Este documental trata de rescatar los hechos y conceptos fundamentales de su obra a 50 a\u00f1os de aquel momento.<\/p>\n<p>Producci\u00f3n: Roberto Kohanoff, Carlos Santos.<br \/>\nGui\u00f3n, Direcci\u00f3n y Montaje: Carlos Santos.<br \/>\nConducci\u00f3n: Agustina D\u00edaz<br \/>\nM\u00fasica: Rodrigo Zapata.<br \/>\n<iframe loading=\"lazy\" title=\"En alas del intento\" width=\"584\" height=\"329\" src=\"https:\/\/www.youtube.com\/embed\/a5ycOPby8yI?start=928&#038;feature=oembed\" frameborder=\"0\" allow=\"accelerometer; autoplay; clipboard-write; encrypted-media; gyroscope; picture-in-picture; web-share\" referrerpolicy=\"strict-origin-when-cross-origin\" allowfullscreen><\/iframe><\/p>\n<p>Entrevista TV Boliviana y Presentaci\u00f3n en Canciller\u00eda con la presencia del Canciller boliviano, David Choquehuanca y el embajador argentino, Ariel Basteiro.<br \/>\n<iframe loading=\"lazy\" title=\"Presentacion documental &quot;Pachakuti 2012&quot; El Cambio, en la Cancilleria boliviana\" width=\"584\" height=\"329\" src=\"https:\/\/www.youtube.com\/embed\/rM9d0v8Awyo?feature=oembed\" frameborder=\"0\" allow=\"accelerometer; autoplay; clipboard-write; encrypted-media; gyroscope; picture-in-picture; web-share\" referrerpolicy=\"strict-origin-when-cross-origin\" allowfullscreen><\/iframe><\/p>\n<p>2013. Documental \u00abPachakuti 2012\u00bb el cambio<br \/>\nDuraci\u00f3n 61 minutos<br \/>\nSinopsis:<br \/>\n\u201cMuchas teor\u00edas hoy avivan una mirada catastr\u00f3fica y defienden esta visi\u00f3n con las profec\u00edas mayas&#8230;&#8230;<br \/>\nPero en Bolivia han tomado esta fecha, el 21\/12\/2012, como una renovaci\u00f3n, el comienzo de un nuevo ciclo de esperanza, de compasi\u00f3n y amor.<br \/>\nCasi 10000 personas nos reunimos en los hermosos paisajes de la Isla del Sol y convivimos con los pueblos abor\u00edgenes, sus rituales y tambi\u00e9n con la presencia de Evo Morales y gente de su gobierno y de otros pa\u00edses del mundo. Todos coincid\u00edamos en esa necesidad de un cambio, una renovaci\u00f3n de nuestro interior y del mundo en que vivimos\u201d<br \/>\n<iframe loading=\"lazy\" title=\"&quot;Pachakuti 2012&quot; El Cambio\" width=\"584\" height=\"329\" src=\"https:\/\/www.youtube.com\/embed\/yWokTn2Nwys?start=3239&#038;feature=oembed\" frameborder=\"0\" allow=\"accelerometer; autoplay; clipboard-write; encrypted-media; gyroscope; picture-in-picture; web-share\" referrerpolicy=\"strict-origin-when-cross-origin\" allowfullscreen><\/iframe><\/p>\n<p>2015. Trailer \u00abSi David hubiera persuadido a Goliat\u00bb<br \/>\n<iframe loading=\"lazy\" title=\"Si David hubiera persuadido a Goliat\" width=\"584\" height=\"329\" src=\"https:\/\/www.youtube.com\/embed\/7RLq6HG2ppM?feature=oembed\" frameborder=\"0\" allow=\"accelerometer; autoplay; clipboard-write; encrypted-media; gyroscope; picture-in-picture; web-share\" referrerpolicy=\"strict-origin-when-cross-origin\" allowfullscreen><\/iframe><\/p>\n<p>Documental \u00abSi David hubiera persuadido a Goliat\u00bb<br \/>\nDuraci\u00f3n 52 minutos<br \/>\nSinopsis:<br \/>\nConsultamos acera del origen de la violencia a gente de distintas latitudes. Los constructores de los consejos permanentes de la no violencia activa nos cuentan sus transformadoras experiencias en el trabajo desarrollado en Argentina, Brasil, Ecuador, Per\u00fa, Italia, EEUU y Uganda. Adem\u00e1s el film nos cuenta una breve historia que nos permite develar el t\u00edtulo del documental<br \/>\n<iframe loading=\"lazy\" title=\"Si David hubiera persuadido a Goliat\" width=\"584\" height=\"329\" src=\"https:\/\/www.youtube.com\/embed\/07MjMZGjyck?feature=oembed\" frameborder=\"0\" allow=\"accelerometer; autoplay; clipboard-write; encrypted-media; gyroscope; picture-in-picture; web-share\" referrerpolicy=\"strict-origin-when-cross-origin\" allowfullscreen><\/iframe><\/p>\n<p>Trailer \u00bfQui\u00e9n es Bartolina Sisa?<\/p>\n<p>2016. Documental<br \/>\n\u00bfQui\u00e9n es Bartolina Sisa?<br \/>\nDuraci\u00f3n: 28 minutos<br \/>\nSinopsis:  Es un documental que nos muestra la tenaz vocaci\u00f3n de una directora de Educaci\u00f3n Primaria en identificar a su escuela con un nombre que provenga de nuestra Latinoam\u00e9rica y que tenga m\u00e1s que ver con el sentir de alumnos y docentes que viven en ella.<br \/>\nLiliana Pintos trabaj\u00f3 junto a padres, alumnos y docentes en un proyecto integral que permiti\u00f3 a la escuela N\u00b019 de Villa Devoto que llevaba el nombre de Franklin Roosevelt cambiarlo por Bartolina Sisa y que permiti\u00f3 un profundo acercamiento de toda la comunidad educativa hacia los saberes y la cultura de nuestras tierras.<br \/>\nDesde el primer momento se encontr\u00f3 con todo tipo de trabas pero tambi\u00e9n con el apoyo de padres, docentes y los hermanos aymaras que viven en nuestro pa\u00eds. Este documental nos muestra algo muy valioso: que es posible reconocer y hacer escuchar el sonido a veces leve pero genuino, que viene de muy adentro nuestro.<br \/>\n<iframe loading=\"lazy\" title=\"\u00bfQuien es Bartolina Sisa?\" width=\"584\" height=\"329\" src=\"https:\/\/www.youtube.com\/embed\/yItPNofueFY?feature=oembed\" frameborder=\"0\" allow=\"accelerometer; autoplay; clipboard-write; encrypted-media; gyroscope; picture-in-picture; web-share\" referrerpolicy=\"strict-origin-when-cross-origin\" allowfullscreen><\/iframe><\/p>\n","protected":false},"excerpt":{"rendered":"<p>En alas del Intento. 50 a\u00f1os. Silo. La Curaci\u00f3n del Sufrimiento. Documental. 26 minutos. Subtitulos espa\u00f1ol, ingles, alem\u00e1n, hebreo. El 4 de mayo de 1969 en Punta de Vacas, Argentina, Silo comenz\u00f3 su proyecto de humanizaci\u00f3n del mundo e inspir\u00f3 &hellip; <a href=\"http:\/\/esenciahumanafilms.com\/?page_id=6\">Sigue leyendo <span class=\"meta-nav\">&rarr;<\/span><\/a><\/p>\n","protected":false},"author":2,"featured_media":0,"parent":0,"menu_order":1,"comment_status":"closed","ping_status":"closed","template":"","meta":{"footnotes":""},"class_list":["post-6","page","type-page","status-publish","hentry"],"_links":{"self":[{"href":"http:\/\/esenciahumanafilms.com\/index.php?rest_route=\/wp\/v2\/pages\/6","targetHints":{"allow":["GET"]}}],"collection":[{"href":"http:\/\/esenciahumanafilms.com\/index.php?rest_route=\/wp\/v2\/pages"}],"about":[{"href":"http:\/\/esenciahumanafilms.com\/index.php?rest_route=\/wp\/v2\/types\/page"}],"author":[{"embeddable":true,"href":"http:\/\/esenciahumanafilms.com\/index.php?rest_route=\/wp\/v2\/users\/2"}],"replies":[{"embeddable":true,"href":"http:\/\/esenciahumanafilms.com\/index.php?rest_route=%2Fwp%2Fv2%2Fcomments&post=6"}],"version-history":[{"count":0,"href":"http:\/\/esenciahumanafilms.com\/index.php?rest_route=\/wp\/v2\/pages\/6\/revisions"}],"wp:attachment":[{"href":"http:\/\/esenciahumanafilms.com\/index.php?rest_route=%2Fwp%2Fv2%2Fmedia&parent=6"}],"curies":[{"name":"wp","href":"https:\/\/api.w.org\/{rel}","templated":true}]}}