{"id":29,"date":"2015-12-24T00:03:29","date_gmt":"2015-12-24T00:03:29","guid":{"rendered":"http:\/\/esenciahumanafilms.com\/?page_id=29"},"modified":"2016-01-11T13:49:35","modified_gmt":"2016-01-11T13:49:35","slug":"co-producciones","status":"publish","type":"page","link":"http:\/\/esenciahumanafilms.com\/?page_id=29","title":{"rendered":"Co-producciones"},"content":{"rendered":"<p>Tenemos escrito 2 guiones de largometraje ha realizarse en co-producci\u00f3n con varios pa\u00edses latinoamericanos. Estos est\u00e1n en proceso de reescritura.<br \/>\nEstamos en este momento en etapa de escritura para aplicar a un fondo de co-producci\u00f3n argentino-chileno que abrir\u00e1 este a\u00f1o en formato documental.<br \/>\nLas co-producciones son el resultado de un trabajo conjunto y del fortalecimiento de los v\u00ednculos que hemos ido tejiendo con hermanos del continente y no un mero \u00abpegado\u00bb de intereses econ\u00f3micos, en ese sentido tambi\u00e9n los proyectos en marcha tienen un contenido que tiene que ver con nuestra visi\u00f3n del ser humano que nos hermana m\u00e1s all\u00e1 de las fronteras geogr\u00e1ficas o pol\u00edticas.<\/p>\n","protected":false},"excerpt":{"rendered":"<p>Tenemos escrito 2 guiones de largometraje ha realizarse en co-producci\u00f3n con varios pa\u00edses latinoamericanos. Estos est\u00e1n en proceso de reescritura. Estamos en este momento en etapa de escritura para aplicar a un fondo de co-producci\u00f3n argentino-chileno que abrir\u00e1 este a\u00f1o &hellip; <a href=\"http:\/\/esenciahumanafilms.com\/?page_id=29\">Sigue leyendo <span class=\"meta-nav\">&rarr;<\/span><\/a><\/p>\n","protected":false},"author":2,"featured_media":0,"parent":0,"menu_order":5,"comment_status":"closed","ping_status":"closed","template":"","meta":{"footnotes":""},"class_list":["post-29","page","type-page","status-publish","hentry"],"_links":{"self":[{"href":"http:\/\/esenciahumanafilms.com\/index.php?rest_route=\/wp\/v2\/pages\/29","targetHints":{"allow":["GET"]}}],"collection":[{"href":"http:\/\/esenciahumanafilms.com\/index.php?rest_route=\/wp\/v2\/pages"}],"about":[{"href":"http:\/\/esenciahumanafilms.com\/index.php?rest_route=\/wp\/v2\/types\/page"}],"author":[{"embeddable":true,"href":"http:\/\/esenciahumanafilms.com\/index.php?rest_route=\/wp\/v2\/users\/2"}],"replies":[{"embeddable":true,"href":"http:\/\/esenciahumanafilms.com\/index.php?rest_route=%2Fwp%2Fv2%2Fcomments&post=29"}],"version-history":[{"count":0,"href":"http:\/\/esenciahumanafilms.com\/index.php?rest_route=\/wp\/v2\/pages\/29\/revisions"}],"wp:attachment":[{"href":"http:\/\/esenciahumanafilms.com\/index.php?rest_route=%2Fwp%2Fv2%2Fmedia&parent=29"}],"curies":[{"name":"wp","href":"https:\/\/api.w.org\/{rel}","templated":true}]}}